{"id":2365,"date":"2020-11-12T10:29:12","date_gmt":"2020-11-12T08:29:12","guid":{"rendered":"https:\/\/hotel-fahrnberger.com\/huettn-spa"},"modified":"2025-07-22T11:07:13","modified_gmt":"2025-07-22T09:07:13","slug":"huettn-spa","status":"publish","type":"page","link":"https:\/\/hotel-fahrnberger.com\/en\/huettn-spa","title":{"rendered":"H\u00fcttn SPA"},"content":{"rendered":"<div class=\"wpb-content-wrapper\"><p>[vc_row full_width=&#8221;stretch_row&#8221; content_placement=&#8221;top&#8221; parallax=&#8221;content-moving&#8221; css=&#8221;.vc_custom_1751267409813{margin-top: -75px !important;background-image: url(https:\/\/hotel-fahrnberger.com\/wp-content\/uploads\/2025\/06\/header_spa_2025.jpg?id=1765) !important;background-position: center;background-repeat: no-repeat;background-size:cover;}&#8221;][vc_column][vc_empty_space height=&#8221;450&#8243;][\/vc_column][\/vc_row][vc_row][vc_column][vc_empty_space height=&#8221;50&#8243;][\/vc_column][\/vc_row][vc_row gap=&#8221;25&#8243; content_placement=&#8221;middle&#8221;][vc_column width=&#8221;1\/2&#8243;][vc_single_image image=&#8221;2072&#8243; img_size=&#8221;full&#8221; alignment=&#8221;center&#8221; css_animation=&#8221;bottom-to-top&#8221; css=&#8221;&#8221;][\/vc_column][vc_column width=&#8221;1\/2&#8243;][vc_custom_heading text=&#8221;YOUR OASIS OF RELAXATION &#8221; font_container=&#8221;tag:h2|font_size:35|text_align:left|color:%23EC008C&#8221; google_fonts=&#8221;font_family:Open%20Sans%3A300%2C300italic%2Cregular%2Citalic%2C600%2C600italic%2C700%2C700italic%2C800%2C800italic|font_style:300%20light%20regular%3A300%3Anormal&#8221; css=&#8221;&#8221;][vc_column_text css=&#8221;&#8221;]<span style=\"font-size: 18px; color: #333333;\">Our H\u00fcttn Spa is located in the adjacent Geniesserhouse.<br \/>\nThe cosy atmosphere of our spa with outdoor area<br \/>\ninvites you to relax and take a deep breath after a day of skiing or hiking.<\/span><\/p>\n<p><span style=\"font-size: 18px; color: #333333;\">Take advantage of our additional<br \/>\noffers such as Ayurveda treatments or massages.<br \/>\nYou can find all our current offers in our morning post.<br \/>\n<\/span>[\/vc_column_text][\/vc_column][\/vc_row][vc_row][vc_column][vc_empty_space height=&#8221;50&#8243;][\/vc_column][\/vc_row][vc_row gap=&#8221;25&#8243; content_placement=&#8221;middle&#8221;][vc_column width=&#8221;1\/2&#8243;][vc_custom_heading text=&#8221;LET GO &amp; RELAX&#8221; font_container=&#8221;tag:h2|font_size:35|text_align:left|color:%23EC008C&#8221; google_fonts=&#8221;font_family:Open%20Sans%3A300%2C300italic%2Cregular%2Citalic%2C600%2C600italic%2C700%2C700italic%2C800%2C800italic|font_style:300%20light%20regular%3A300%3Anormal&#8221; css=&#8221;&#8221;][vc_column_text css=&#8221;&#8221;]<span style=\"font-size: 18px; color: #333333;\"><strong>Our spa area is open from 15:30 to 19:00.<\/strong><br \/>\nWhat to expect:<br \/>\n<\/span><\/p>\n<ul>\n<li><span style=\"font-size: 18px; color: #333333;\">Finnish pine sauna<\/span><\/li>\n<li><span style=\"font-size: 18px; color: #333333;\">Aroma steam bath<\/span><\/li>\n<li><span style=\"font-size: 18px; color: #333333;\">Infrared sauna<\/span><\/li>\n<li><span style=\"font-size: 18px; color: #333333;\">Relaxation room with panoramic view<br \/>\n<\/span><\/li>\n<li><span style=\"font-size: 18px; color: #333333;\">Rustic outdoor tranquil area<br \/>\n<\/span><\/li>\n<\/ul>\n<p>[\/vc_column_text][\/vc_column][vc_column width=&#8221;1\/2&#8243;][vc_single_image image=&#8221;2066&#8243; img_size=&#8221;full&#8221; alignment=&#8221;center&#8221; css_animation=&#8221;bottom-to-top&#8221; css=&#8221;&#8221;][\/vc_column][\/vc_row][vc_row][vc_column][vc_empty_space height=&#8221;50&#8243;][\/vc_column][\/vc_row][vc_row][vc_column width=&#8221;1\/3&#8243;][vc_single_image image=&#8221;2163&#8243; img_size=&#8221;full&#8221; alignment=&#8221;center&#8221; css_animation=&#8221;bottom-to-top&#8221; css=&#8221;&#8221;][\/vc_column][vc_column width=&#8221;1\/3&#8243;][vc_single_image image=&#8221;2067&#8243; img_size=&#8221;full&#8221; alignment=&#8221;center&#8221; css_animation=&#8221;bottom-to-top&#8221; css=&#8221;&#8221;][\/vc_column][vc_column width=&#8221;1\/3&#8243;][vc_single_image image=&#8221;2063&#8243; img_size=&#8221;full&#8221; alignment=&#8221;center&#8221; css_animation=&#8221;bottom-to-top&#8221; css=&#8221;&#8221;][\/vc_column][\/vc_row][vc_row][vc_column][vc_empty_space height=&#8221;50&#8243;][\/vc_column][\/vc_row][vc_row full_width=&#8221;stretch_row_content&#8221; css=&#8221;.vc_custom_1751266743309{background-image: url(https:\/\/hotel-fahrnberger.com\/wp-content\/uploads\/2025\/06\/Ayurveda_Fahrnberger2.jpg?id=1762) !important;background-position: center !important;background-repeat: no-repeat !important;background-size: cover !important;}&#8221;][vc_column width=&#8221;1\/4&#8243;][\/vc_column][vc_column width=&#8221;1\/4&#8243;][vc_cta h2=&#8221;Treatments&#8221; h2_font_container=&#8221;tag:h2|font_size:35|text_align:center|color:%23B10061&#8243; h2_google_fonts=&#8221;font_family:Great%20Vibes%3Aregular|font_style:400%20regular%3A400%3Anormal&#8221; h4=&#8221;ON REQUEST&#8221; h4_font_container=&#8221;tag:h4|font_size:22|text_align:center&#8221; h4_google_fonts=&#8221;font_family:Open%20Sans%3A300%2C300italic%2Cregular%2Citalic%2C600%2C600italic%2C700%2C700italic%2C800%2C800italic|font_style:300%20light%20regular%3A300%3Anormal&#8221; txt_align=&#8221;center&#8221; shape=&#8221;square&#8221; style=&#8221;flat&#8221; color=&#8221;white&#8221; add_button=&#8221;bottom&#8221; btn_title=&#8221;REQUEST NOW&#8221; btn_style=&#8221;outline-custom&#8221; btn_outline_custom_color=&#8221;#B10061&#8243; btn_outline_custom_hover_background=&#8221;#B10061&#8243; btn_shape=&#8221;square&#8221; btn_align=&#8221;center&#8221; css=&#8221;&#8221; use_custom_fonts_h2=&#8221;true&#8221; use_custom_fonts_h4=&#8221;true&#8221; btn_link=&#8221;url:mailto%3Aoffice%40hotel-fahrnberger.at%3Fsubject%3DMassage|target:_blank&#8221;]<\/p>\n<p style=\"text-align: center;\"><span style=\"color: #333333;\">Would you like a healing massage?<br \/>\nYou can book your desired treatment upon request and for an additional charge.<\/span><\/p>\n<p>[\/vc_cta][\/vc_column][vc_column width=&#8221;1\/4&#8243;][\/vc_column][vc_column width=&#8221;1\/4&#8243;][\/vc_column][\/vc_row][vc_row disable_element=&#8221;yes&#8221;][vc_column][vc_row_inner][vc_column_inner width=&#8221;1\/3&#8243;][vc_cta h2=&#8221;Craniosacrale Balance&#8221; h2_font_container=&#8221;color:%2352808e&#8221; h2_google_fonts=&#8221;font_family:Cookie%3Aregular|font_style:400%20regular%3A400%3Anormal&#8221; use_custom_fonts_h2=&#8221;true&#8221;]Diese Methode besch\u00e4ftigt sich mit dem Fluktuationssystem der Gehirn- und R\u00fcckenmarksfl\u00fcssigkeit, die sich im innersten Kern unseres K\u00f6rpers befindet. Eingeh\u00fcllt durch das Membransystem der Dura Mater, das sich vom Sch\u00e4del (Cranium) bis zum Kreuzbein (Sacrum) erstreckt, wiegt diese Fl\u00fcssigkeit sanft und rhytmisch die sie umgebenden Membranen und Knochen. Dieser Rhythmus ist am ganzen K\u00f6rper sp\u00fcrbar. Der Entdecker des <strong><em>Craniosacralen Rhythmus.\u00a0<\/em><\/strong>Dr. William Garner Sutherland, betrachtete diesen als Ausdruck des\u00a0<strong><em>\u201eAtem des Lebens\u201c<\/em><\/strong>, der G\u00f6ttlichen Kraft selbst. Ist der\u00a0<strong><em>\u201eAtem des Lebens\u201c<\/em><\/strong>\u00a0in seinem freien Ausdruck behindert, k\u00f6nnen eine Vielzahl von Beschwerden und Krankheitsbildern auftreten. Durch das feine Ersp\u00fcren des Craniosacralen Rhythmus k\u00f6nnen solche Behinderungen erkannt und durch Unterst\u00fctzung der Inneren Heilkr\u00e4fte aufgel\u00f6st werden.[\/vc_cta][\/vc_column_inner][vc_column_inner width=&#8221;1\/3&#8243;][vc_cta h2=&#8221;Aleo Vera Honigmassage&#8221; h2_font_container=&#8221;color:%2352808e&#8221; h2_google_fonts=&#8221;font_family:Cookie%3Aregular|font_style:400%20regular%3A400%3Anormal&#8221; use_custom_fonts_h2=&#8221;true&#8221;]Die Honigmassage geh\u00f6rt zum Erbe der traditionellen tibetischen und russischen Naturheilkunde. Durch die spezielle Art der Massage k\u00f6nnen Schlackenstoffe, Salzeinlagerungen und Stoffwechselgifte bis in tiefe Gewebeschichten aufgel\u00f6st und abgef\u00fchrt werden. In Kombination mit den Wirkstoffen hochwertiger Aloe Vera Produkte, die auf bestimmten Reflexzonen in die Haut einmassiert werden, entsteht eine nachhaltige Tiefenwirkung \u00fcber die Energiebahnen des K\u00f6rpers.[\/vc_cta][vc_single_image image=&#8221;1964&#8243; img_size=&#8221;800&#215;600&#8243;][\/vc_column_inner][vc_column_inner width=&#8221;1\/3&#8243;][vc_cta h2=&#8221;Triggerpunktmassage&#8221; h2_font_container=&#8221;color:%2352808e&#8221; h2_google_fonts=&#8221;font_family:Cookie%3Aregular|font_style:400%20regular%3A400%3Anormal&#8221; use_custom_fonts_h2=&#8221;true&#8221;]Hier werden sogenannte schmerzhafte Triggerpunkte (Muskelverh\u00e4rtungen, Myogelosen) behandelt, welche oft auch an anderen K\u00f6rperstellen Schmerzen ausl\u00f6sen (triggern) k\u00f6nnen. Durch Druck auf die Triggerpunkte l\u00f6sen sich die Verh\u00e4rtungen mit der Zeit teilweise bis ganz auf. Sehr oft sind Kopfschmerzen auf solche Triggerpunkte im Schulterbereich zur\u00fcckzuf\u00fchren.[\/vc_cta][vc_column_text css=&#8221;.vc_custom_1605194635589{padding-top: 15px !important;padding-right: 10px !important;padding-bottom: 10px !important;padding-left: 15px !important;background-color: #52808e !important;}&#8221;]<\/p>\n<h2><span style=\"color: #ffffff;\"><strong>Preise:<\/strong><\/span><\/h2>\n<p><span style=\"color: #ffffff;\">25 Minuten\u00a0 \u20ac 42,00<br \/>\n50 Minuten\u00a0 \u20ac 75,00<br \/>\n75 Minuten\u00a0 \u20ac 109,00<br \/>\nAloe Vera Honigmassage 50 Minuten\u00a0 \u20ac 78,00<\/span>[\/vc_column_text][\/vc_column_inner][\/vc_row_inner][\/vc_column][\/vc_row][vc_row disable_element=&#8221;yes&#8221;][vc_column][vc_separator color=&#8221;custom&#8221; style=&#8221;shadow&#8221; accent_color=&#8221;#58595b&#8221;][vc_row_inner][vc_column_inner width=&#8221;1\/3&#8243;][vc_cta h2=&#8221;Fu\u00dfreflexzonenmassage&#8221; h2_font_container=&#8221;color:%2352808e&#8221; h2_google_fonts=&#8221;font_family:Cookie%3Aregular|font_style:400%20regular%3A400%3Anormal&#8221; use_custom_fonts_h2=&#8221;true&#8221;]Durch die Massage einer bestimmten Reflexzone wird ein Reiz gesetzt, der aufgrund seiner reflektorischen Verbindung in einem entsprechenden Bereich des K\u00f6rpers Wirkung zeigt und zwar im Sinne einer Aktivierung und Harmonisierung der k\u00f6rpereigenen Lebensenergie und Heilkr\u00e4fte[\/vc_cta][\/vc_column_inner][vc_column_inner width=&#8221;1\/3&#8243;][vc_cta h2=&#8221;Manuelle Lymphdrainage&#8221; h2_font_container=&#8221;color:%2352808e&#8221; h2_google_fonts=&#8221;font_family:Cookie%3Aregular|font_style:400%20regular%3A400%3Anormal&#8221; use_custom_fonts_h2=&#8221;true&#8221;]Hier wird der Fluss der Lymphe angeregt und \u00fcbersch\u00fcssige Fl\u00fcssigkeit aus dem Gewebe abdrainiert. Dadurch werden auch Schlackenstoffe und Stoffwechselgifte vermehrt ausgeschieden. Zus\u00e4tzlich kommt es zu einer gesteigerten Produktion von Lymphozyten und st\u00e4rkt somit das Immunsystem.[\/vc_cta][\/vc_column_inner][vc_column_inner width=&#8221;1\/3&#8243;][vc_cta h2=&#8221;&#8220;Breu\u00dfmassage&#8220;&#8221; h2_font_container=&#8221;color:%2352808e&#8221; h2_google_fonts=&#8221;font_family:Cookie%3Aregular|font_style:400%20regular%3A400%3Anormal&#8221; use_custom_fonts_h2=&#8221;true&#8221;]Hier wird der Fluss der Lymphe angeregt und \u00fcbersch\u00fcssige Fl\u00fcssigkeit aus dem Gewebe abdrainiert. Dadurch werden auch Schlackenstoffe und Stoffwechselgifte vermehrt ausgeschieden. Zus\u00e4tzlich kommt es zu einer gesteigerten Produktion von Lymphozyten und st\u00e4rkt somit das Immunsystem.[\/vc_cta][\/vc_column_inner][\/vc_row_inner][\/vc_column][\/vc_row]<\/p>\n<\/div>","protected":false},"excerpt":{"rendered":"<p>[vc_row full_width=&#8221;stretch_row&#8221; content_placement=&#8221;top&#8221; parallax=&#8221;content-moving&#8221; css=&#8221;.vc_custom_1751267409813{margin-top: -75px !important;background-image: url(https:\/\/hotel-fahrnberger.com\/wp-content\/uploads\/2025\/06\/header_spa_2025.jpg?id=1765) !important;background-position: center;background-repeat: no-repeat;background-size:cover;}&#8221;][vc_column][vc_empty_space height=&#8221;450&#8243;][\/vc_column][\/vc_row][vc_row][vc_column][vc_empty_space height=&#8221;50&#8243;][\/vc_column][\/vc_row][vc_row gap=&#8221;25&#8243; content_placement=&#8221;middle&#8221;][vc_column width=&#8221;1\/2&#8243;][vc_single_image image=&#8221;2072&#8243; img_size=&#8221;full&#8221; alignment=&#8221;center&#8221; css_animation=&#8221;bottom-to-top&#8221; css=&#8221;&#8221;][\/vc_column][vc_column width=&#8221;1\/2&#8243;][vc_custom_heading text=&#8221;YOUR OASIS OF RELAXATION &#8221; font_container=&#8221;tag:h2|font_size:35|text_align:left|color:%23EC008C&#8221; google_fonts=&#8221;font_family:Open%20Sans%3A300%2C300italic%2Cregular%2Citalic%2C600%2C600italic%2C700%2C700italic%2C800%2C800italic|font_style:300%20light%20regular%3A300%3Anormal&#8221; css=&#8221;&#8221;][vc_column_text css=&#8221;&#8221;]Our H\u00fcttn Spa is located in the adjacent Geniesserhouse. The cosy atmosphere of our spa with outdoor area invites you to relax and take a &hellip; <a href=\"https:\/\/hotel-fahrnberger.com\/en\/huettn-spa\" title=\"H\u00fcttn SPA\" class=\"read-more\">Read More<\/a><\/p>\n","protected":false},"author":3,"featured_media":0,"parent":0,"menu_order":0,"comment_status":"closed","ping_status":"closed","template":"","meta":{"footnotes":""},"class_list":["post-2365","page","type-page","status-publish","hentry"],"jetpack_sharing_enabled":true,"_links":{"self":[{"href":"https:\/\/hotel-fahrnberger.com\/en\/wp-json\/wp\/v2\/pages\/2365","targetHints":{"allow":["GET"]}}],"collection":[{"href":"https:\/\/hotel-fahrnberger.com\/en\/wp-json\/wp\/v2\/pages"}],"about":[{"href":"https:\/\/hotel-fahrnberger.com\/en\/wp-json\/wp\/v2\/types\/page"}],"author":[{"embeddable":true,"href":"https:\/\/hotel-fahrnberger.com\/en\/wp-json\/wp\/v2\/users\/3"}],"replies":[{"embeddable":true,"href":"https:\/\/hotel-fahrnberger.com\/en\/wp-json\/wp\/v2\/comments?post=2365"}],"version-history":[{"count":5,"href":"https:\/\/hotel-fahrnberger.com\/en\/wp-json\/wp\/v2\/pages\/2365\/revisions"}],"predecessor-version":[{"id":2504,"href":"https:\/\/hotel-fahrnberger.com\/en\/wp-json\/wp\/v2\/pages\/2365\/revisions\/2504"}],"wp:attachment":[{"href":"https:\/\/hotel-fahrnberger.com\/en\/wp-json\/wp\/v2\/media?parent=2365"}],"curies":[{"name":"wp","href":"https:\/\/api.w.org\/{rel}","templated":true}]}}